{"id":40411,"date":"2020-08-27T08:23:10","date_gmt":"2020-08-27T08:23:10","guid":{"rendered":"https:\/\/www.dstech.it\/privacy-policy\/"},"modified":"2020-08-27T08:23:10","modified_gmt":"2020-08-27T08:23:10","slug":"privacy-policy","status":"publish","type":"page","link":"https:\/\/www.dstech.it\/es\/privacy-policy\/","title":{"rendered":"Privacy Policy"},"content":{"rendered":"\t\t<div data-elementor-type=\"wp-page\" data-elementor-id=\"40411\" class=\"elementor elementor-40411 elementor-12954\">\n\t\t\t\t<div class=\"elementor-element elementor-element-e61376a e-flex e-con-boxed sc_inner_width_none sc_layouts_column_icons_position_left e-con e-parent\" data-id=\"e61376a\" data-element_type=\"container\">\n\t\t\t\t\t<div class=\"e-con-inner\">\n\t\t\t\t<div class=\"elementor-element elementor-element-857b297 sc_fly_static elementor-widget elementor-widget-heading\" data-id=\"857b297\" data-element_type=\"widget\" data-widget_type=\"heading.default\">\n\t\t\t\t<div class=\"elementor-widget-container\">\n\t\t\t\t\t<h2 class=\"elementor-heading-title elementor-size-default\">Informativa per il trattamento dei dati personali<\/h2>\t\t\t\t<\/div>\n\t\t\t\t<\/div>\n\t\t\t\t\t<\/div>\n\t\t\t\t<\/div>\n\t\t<div class=\"elementor-element elementor-element-4d984b9 e-flex e-con-boxed sc_inner_width_none sc_layouts_column_icons_position_left e-con e-parent\" data-id=\"4d984b9\" data-element_type=\"container\">\n\t\t\t\t\t<div class=\"e-con-inner\">\n\t\t\t\t<div class=\"elementor-element elementor-element-9931a6c sc_height_medium sc_fly_static elementor-widget elementor-widget-spacer\" data-id=\"9931a6c\" data-element_type=\"widget\" data-widget_type=\"spacer.default\">\n\t\t\t\t<div class=\"elementor-widget-container\">\n\t\t\t\t\t\t\t<div class=\"elementor-spacer\">\n\t\t\t<div class=\"elementor-spacer-inner\"><\/div>\n\t\t<\/div>\n\t\t\t\t\t\t<\/div>\n\t\t\t\t<\/div>\n\t\t\t\t\t<\/div>\n\t\t\t\t<\/div>\n\t\t<div class=\"elementor-element elementor-element-0b27f6a e-flex e-con-boxed sc_inner_width_none sc_layouts_column_icons_position_left e-con e-parent\" data-id=\"0b27f6a\" data-element_type=\"container\">\n\t\t\t\t\t<div class=\"e-con-inner\">\n\t\t\t\t<div class=\"elementor-element elementor-element-674ca98 sc_fly_static elementor-widget elementor-widget-text-editor\" data-id=\"674ca98\" data-element_type=\"widget\" data-widget_type=\"text-editor.default\">\n\t\t\t\t<div class=\"elementor-widget-container\">\n\t\t\t\t\t\t\t\t\t<div class=\"title title-size col-12\">\u00a0<span style=\"font-size: 17px; text-align: var(--text-align); background-color: var(--theme-color-bg_color); color: var(--theme-color-text); letter-spacing: 0.1px;\">Ai sensi dell\u2019art. 13 D.Lgs. 30.6.2003 n. 196 (in seguito, \u201cCodice Privacy\u201d) e dell\u2019art. 13 Regolamento UE n. 2016\/679 (in seguito, \u201cGDPR\u201d) DS Tech S.r.l., con sede legale in Via Salaria n. 719 &#8211; 00138 Roma (RM), CF e P.IVA 09898921003 (in seguito, \u201cTitolare\u201d), in qualit\u00e0 di titolare del trattamento, La informa che i Suoi dati saranno trattati con le modalit\u00e0 e per le finalit\u00e0 seguenti.<\/span><\/div><div class=\"article-size col-12 mt-5\"><b>1. Tipologie di dati trattati<\/b><\/div><div class=\"subtitle subtitle-size col-12\">Il Titolare tratta i dati personali, identificativi (ad esempio, nome, cognome, ragione sociale, indirizzo, telefono fisso e mobile, e-mail, riferimenti bancari e di pagamento, codice fiscale, partita IVA, estremi documenti identificativi) \u2013 in seguito, \u201cdati personali\u201d o anche \u201cdati\u201d \u2013 da Lei comunicati in occasione delle trattative finalizzate alla conclusione di contratti con il Titolare ovvero al fine di instaurare rapporti di collaborazione o di lavoro con il Titolare.<\/div><div class=\"article-size col-12 mt-5\"><b>2. Finalit\u00e0 del trattamento e base giuridica<\/b><\/div><div class=\"subtitle subtitle-size col-12\">I Suoi dati personali sono trattati: A) senza il Suo consenso espresso &#8211; in forza delle basi giuridiche di cui all\u2019art. 6 lett. b), c) ed f) del GDPR) &#8211; per le seguenti finalit\u00e0:<br \/>(i) instaurare trattative finalizzate alla conclusione di un contratto, anche di lavoro o collaborazione, con il Titolare;<br \/>(ii) concludere un contratto per fruire dei servizi resi dal Titolare;<br \/>(iii) concludere un contratto per offrire servizi al Titolare;<br \/>(iv) adempiere agli obblighi precontrattuali, contrattuali e fiscali derivanti da rapporti con Lei in essere;<br \/>(v) adempiere agli obblighi previsti dalla legge, da un regolamento, dalla normativa comunitaria o da un ordine dell\u2019Autorit\u00e0;<br \/>(vi) esercitare i diritti del Titolare, ad esempio il diritto di difesa in giudizio;<br \/>B) solo previo Suo specifico e distinto consenso &#8211; in forza della base giuridica di cui all\u2019art. 6 lett. a) &#8211; del GDPR), per le seguenti finalit\u00e0:<br \/>(i) inviare al Titolare per il tramite del sito internet http:\/\/www.dstech.it\/ un curriculum per finalit\u00e0 di selezione al fine di incardinare un rapporto di collaborazione e\/o lavoro con il Titolare;<br \/>(ii) controllare l\u2019accesso ai locali del Titolare da parte di soggetti diversi dei dipendenti e\/o collaboratori.<\/div><div class=\"article-size col-12 mt-5\"><b>3. Modalit\u00e0 di trattamento<\/b><\/div><div class=\"subtitle subtitle-size col-12\">Il trattamento dei Suoi dati personali \u00e8 realizzato con o senza l\u2019ausilio di strumenti informatici per mezzo delle operazioni indicate all\u2019art. 4 Codice Privacy e all\u2019art. 4 n. 2) GDPR e precisamente: raccolta, registrazione, organizzazione, conservazione, consultazione, elaborazione, modificazione, selezione, estrazione, raffronto, utilizzo, interconnessione, blocco, comunicazione, cancellazione e distruzione dei dati. I dati personali saranno trattati per il tempo necessario per adempiere alle finalit\u00e0 di cui sopra e, comunque, e saranno conservati per 10 anni dalla cessazione del rapporto intercorso con il Titolare, in caso di trattamenti connessi a rapporti di natura precontrattuale o contrattuale o per un periodo superiore in tutti i casi in cui l\u2019ordinamento preveda un obbligo di conservazione di durata superiore ai 10 anni; in caso di raccolta dei dati per le finalit\u00e0 di cui all\u2019art. 2 lett B) (i) che precede i dati saranno conservati per un periodo di 2 anni mentre quelli raccolti in forza dell\u2019art. 2 lett B) (ii) per un periodo di 48 ore.<\/div><div class=\"article-size col-12 mt-5\"><b>4. Accesso ai dati<\/b><\/div><div class=\"subtitle subtitle-size col-12\">I Suoi dati potranno essere resi accessibili per le finalit\u00e0 di cui all\u2019art. 2.A) e 2.B): &#8211; a dipendenti e collaboratori del Titolare, nella loro qualit\u00e0 di incaricati del trattamento e\/o amministratori di sistema; &#8211; a societ\u00e0 terze o altri soggetti nella qualit\u00e0 di Responsabili esterni del Trattamento (a titolo indicativo, istituti di credito, studi professionali di ogni genere, quali avvocati, commercialisti, fiscalisti etc., consulenti, societ\u00e0 di assicurazione per la prestazione di servizi assicurativi, etc.) che svolgono attivit\u00e0 in outsourcing per conto del Titolare.<\/div><div class=\"article-size col-12 mt-5\"><b>5. Comunicazione e diffusione dei dati<\/b><\/div><div class=\"subtitle subtitle-size col-12\">Senza la necessit\u00e0 di un espresso consenso (ex art. 24 lett. a), b), d) Codice Privacy e art. 6 lett. b) e c) GDPR), il Titolare potr\u00e0 comunicare i Suoi dati per le finalit\u00e0 di cui all\u2019art. 2.A) a organismi di vigilanza, Autorit\u00e0 giudiziarie, a societ\u00e0 di assicurazione per la prestazione di servizi assicurativi, nonch\u00e9 a quei soggetti ai quali la comunicazione sia obbligatoria per legge per l\u2019espletamento delle finalit\u00e0 dette. Detti soggetti tratteranno i dati nella loro qualit\u00e0 di autonomi titolari del trattamento. I Suoi dati non saranno in ogni caso soggetti a diffusione.<\/div><div class=\"article-size col-12 mt-5\"><b>6. Trasferimento dati<\/b><\/div><div class=\"subtitle subtitle-size col-12\">I dati personali sono conservati su server ubicati presso la sede della societ\u00e0 nonch\u00e9 su server cloud posti, all\u2019interno dell\u2019Unione Europea gestiti di primari provider del settore che offrono ampie garanzie. Resta in ogni caso inteso che il Titolare, ove si rendesse necessario, avr\u00e0 facolt\u00e0 di spostare i server anche extra-UE. In tal caso, il Titolare assicura sin d\u2019ora che il trasferimento dei dati extra-UE avverr\u00e0 in conformit\u00e0 alle disposizioni di legge applicabili, previa stipula delle clausole contrattuali standard previste dalla Commissione Europea.<\/div><div class=\"article-size col-12 mt-5\"><b>7. Natura del conferimento dei dati e conseguenze del rifiuto di rispondere<\/b><\/div><div class=\"subtitle subtitle-size col-12\">l conferimento dei dati per le finalit\u00e0 di cui all\u2019art. 2.A) \u00e8 obbligatorio poich\u00e9 in mancanza non potr\u00e0 essere instaurato alcun rapporto giuridico con il Titolare. Il conferimento dei dati per le finalit\u00e0 di cui all\u2019art. 2.B) \u00e8 invece facoltativo. Pu\u00f2 quindi decidere di non conferire alcun dato o di negare successivamente la possibilit\u00e0 di trattare dati gi\u00e0 forniti, ferma restando la liceit\u00e0 del trattamento dei dati effettuata prima della revoca del consenso. Nel caso di cui all\u2019art. 2 B) (i), la mancata prestazione del consenso non consentir\u00e0 al Titolare di ricevere il suo curriculum vitae con conseguente impossibilit\u00e0 di poterlo esaminare ai fini di un\u2019eventuale colloquio. Nel caso di cui all\u2019art. 2 B) (ii), la mancata prestazione del consenso Le impedir\u00e0 l\u2019accesso presso i locali del Titolare.<\/div><div class=\"article-size col-12 mt-5\"><b>8. Diritti dell\u2019interessato<\/b><\/div><div class=\"subtitle subtitle-size col-12\"><p>Nella Sua qualit\u00e0 di interessato, ha i diritti di cui all\u2019art. 7 Codice Privacy e art. 15 GDPR e precisamente i diritti di:<\/p><p>i. ottenere l&#8217;indicazione:<br \/>a) dell&#8217;origine dei dati personali;<br \/>b) delle finalit\u00e0 e modalit\u00e0 del trattamento;<br \/>c) della logica applicata in caso di trattamento effettuato con l&#8217;ausilio di strumenti elettronici;;<br \/>d) degli estremi identificativi e i dati di contatto del titolare e dei responsabili; e) dei soggetti o delle categorie di soggetti ai quali i dati personali possono essere comunicati o che possono venirne a conoscenza in qualit\u00e0 di rappresentante designato nel territorio dello Stato, di responsabili o incaricati;<br \/>e) dei tempi di conservazione dei dati o dei criteri utilizzati per determinarli;<\/p><p>a) l&#8217;aggiornamento, la rettificazione ovvero, quando vi ha interesse, l&#8217;integrazione dei dati;<br \/>b) la cancellazione, la trasformazione in forma anonima o il blocco dei dati trattati in violazione di legge, compresi quelli di cui non \u00e8 necessaria la conservazione in relazione agli scopi per i quali i dati sono stati raccolti o successivamente trattati;<br \/>c) l&#8217;attestazione che le operazioni di cui alle lettere a) e b) sono state portate a conoscenza, anche per quanto riguarda il loro contenuto, di coloro ai quali i dati sono stati comunicati o diffusi, eccettuato il caso in cui tale adempimento si rivela impossibile o comporta un impiego di mezzi manifestamente sproporzionato rispetto al diritto tutelato. Ove applicabili, ha altres\u00ec i diritti di cui agli artt. 16-21 GDPR (Diritto di rettifica, Diritto all\u2019oblio, Diritto di limitazione di trattamento, Diritto alla portabilit\u00e0 dei dati, Diritto di opposizione), nonch\u00e9 il diritto di proporre reclamo all\u2019Autorit\u00e0 di Controllo che in Italia \u00e8 il Garante per la Protezione dei Dati Personali.<\/p><\/div><div class=\"article-size col-12 mt-5\"><b>9 . Modalit\u00e0 di esercizio dei diritti<\/b><\/div><div class=\"subtitle subtitle-size col-12 mb-5\">Potr\u00e0 in qualsiasi momento esercitare i suddetti diritti inviando una raccomanda A.R. a DS TECH S.r.l. Via Salaria n. 719 &#8211; 00138 Roma (RM), ovvero, un\u2019e-mail all\u2019indirizzo\u00a0<a href=\"mailto:privacy@dstech.it\"><b>privacy@dstech.it<\/b><\/a>. L\u2019elenco aggiornato dei responsabili e degli incaricati al trattamento \u00e8 custodito presso la sede legale del Titolare del trattamento. Il Responsabile per la protezione dei dati personali (\u201cDPO\u201d) ex art. 37 e ss. del Regolamento: raggiungibile all\u2019indirizzo\u00a0<a href=\"mailto:dpo@dstech.it\"><b>dpo@dstech.it<\/b><\/a><\/div>\t\t\t\t\t\t\t\t<\/div>\n\t\t\t\t<\/div>\n\t\t\t\t\t<\/div>\n\t\t\t\t<\/div>\n\t\t\t\t<\/div>\n\t\t","protected":false},"excerpt":{"rendered":"<p>Informativa per il trattamento dei dati personali \u00a0Ai sensi dell\u2019art. 13 D.Lgs. 30.6.2003 n. 196 (in seguito, \u201cCodice Privacy\u201d) e dell\u2019art. 13 Regolamento UE n. 2016\/679 (in seguito, \u201cGDPR\u201d) DS&hellip;<\/p>\n","protected":false},"author":1,"featured_media":0,"parent":0,"menu_order":0,"comment_status":"closed","ping_status":"closed","template":"","meta":{"_acf_changed":false,"inline_featured_image":false,"footnotes":""},"class_list":["post-40411","page","type-page","status-publish","hentry"],"acf":[],"yoast_head":"<!-- This site is optimized with the Yoast SEO plugin v27.2 - https:\/\/yoast.com\/product\/yoast-seo-wordpress\/ -->\n<title>Privacy Policy - Dst<\/title>\n<meta name=\"robots\" content=\"index, follow, max-snippet:-1, max-image-preview:large, max-video-preview:-1\" \/>\n<link rel=\"canonical\" href=\"https:\/\/www.dstech.it\/es\/privacy-policy\/\" \/>\n<meta property=\"og:locale\" content=\"es_ES\" \/>\n<meta property=\"og:type\" content=\"article\" \/>\n<meta property=\"og:title\" content=\"Privacy Policy - Dst\" \/>\n<meta property=\"og:description\" content=\"Informativa per il trattamento dei dati personali \u00a0Ai sensi dell\u2019art. 13 D.Lgs. 30.6.2003 n. 196 (in seguito, \u201cCodice Privacy\u201d) e dell\u2019art. 13 Regolamento UE n. 2016\/679 (in seguito, \u201cGDPR\u201d) DS&hellip;\" \/>\n<meta property=\"og:url\" content=\"https:\/\/www.dstech.it\/es\/privacy-policy\/\" \/>\n<meta property=\"og:site_name\" content=\"Dst\" \/>\n<meta name=\"twitter:card\" content=\"summary_large_image\" \/>\n<meta name=\"twitter:label1\" content=\"Tiempo de lectura\" \/>\n\t<meta name=\"twitter:data1\" content=\"6 minutos\" \/>\n<script type=\"application\/ld+json\" class=\"yoast-schema-graph\">{\"@context\":\"https:\/\/schema.org\",\"@graph\":[{\"@type\":\"WebPage\",\"@id\":\"https:\/\/www.dstech.it\/es\/privacy-policy\/\",\"url\":\"https:\/\/www.dstech.it\/es\/privacy-policy\/\",\"name\":\"Privacy Policy - Dst\",\"isPartOf\":{\"@id\":\"https:\/\/www.dstech.it\/#website\"},\"datePublished\":\"2020-08-27T08:23:10+00:00\",\"breadcrumb\":{\"@id\":\"https:\/\/www.dstech.it\/es\/privacy-policy\/#breadcrumb\"},\"inLanguage\":\"es\",\"potentialAction\":[{\"@type\":\"ReadAction\",\"target\":[\"https:\/\/www.dstech.it\/es\/privacy-policy\/\"]}]},{\"@type\":\"BreadcrumbList\",\"@id\":\"https:\/\/www.dstech.it\/es\/privacy-policy\/#breadcrumb\",\"itemListElement\":[{\"@type\":\"ListItem\",\"position\":1,\"name\":\"Home\",\"item\":\"https:\/\/www.dstech.it\/\"},{\"@type\":\"ListItem\",\"position\":2,\"name\":\"Privacy Policy\"}]},{\"@type\":\"WebSite\",\"@id\":\"https:\/\/www.dstech.it\/#website\",\"url\":\"https:\/\/www.dstech.it\/\",\"name\":\"Dst\",\"description\":\"Creative Tech Company\",\"publisher\":{\"@id\":\"https:\/\/www.dstech.it\/#organization\"},\"potentialAction\":[{\"@type\":\"SearchAction\",\"target\":{\"@type\":\"EntryPoint\",\"urlTemplate\":\"https:\/\/www.dstech.it\/?s={search_term_string}\"},\"query-input\":{\"@type\":\"PropertyValueSpecification\",\"valueRequired\":true,\"valueName\":\"search_term_string\"}}],\"inLanguage\":\"es\"},{\"@type\":\"Organization\",\"@id\":\"https:\/\/www.dstech.it\/#organization\",\"name\":\"Dst\",\"url\":\"https:\/\/www.dstech.it\/\",\"logo\":{\"@type\":\"ImageObject\",\"inLanguage\":\"es\",\"@id\":\"https:\/\/www.dstech.it\/#\/schema\/logo\/image\/\",\"url\":\"https:\/\/www.dstech.it\/wp-content\/uploads\/2024\/03\/logo-dst-nero.svg\",\"contentUrl\":\"https:\/\/www.dstech.it\/wp-content\/uploads\/2024\/03\/logo-dst-nero.svg\",\"width\":512,\"height\":512,\"caption\":\"Dst\"},\"image\":{\"@id\":\"https:\/\/www.dstech.it\/#\/schema\/logo\/image\/\"}}]}<\/script>\n<!-- \/ Yoast SEO plugin. -->","yoast_head_json":{"title":"Privacy Policy - Dst","robots":{"index":"index","follow":"follow","max-snippet":"max-snippet:-1","max-image-preview":"max-image-preview:large","max-video-preview":"max-video-preview:-1"},"canonical":"https:\/\/www.dstech.it\/es\/privacy-policy\/","og_locale":"es_ES","og_type":"article","og_title":"Privacy Policy - Dst","og_description":"Informativa per il trattamento dei dati personali \u00a0Ai sensi dell\u2019art. 13 D.Lgs. 30.6.2003 n. 196 (in seguito, \u201cCodice Privacy\u201d) e dell\u2019art. 13 Regolamento UE n. 2016\/679 (in seguito, \u201cGDPR\u201d) DS&hellip;","og_url":"https:\/\/www.dstech.it\/es\/privacy-policy\/","og_site_name":"Dst","twitter_card":"summary_large_image","twitter_misc":{"Tiempo de lectura":"6 minutos"},"schema":{"@context":"https:\/\/schema.org","@graph":[{"@type":"WebPage","@id":"https:\/\/www.dstech.it\/es\/privacy-policy\/","url":"https:\/\/www.dstech.it\/es\/privacy-policy\/","name":"Privacy Policy - Dst","isPartOf":{"@id":"https:\/\/www.dstech.it\/#website"},"datePublished":"2020-08-27T08:23:10+00:00","breadcrumb":{"@id":"https:\/\/www.dstech.it\/es\/privacy-policy\/#breadcrumb"},"inLanguage":"es","potentialAction":[{"@type":"ReadAction","target":["https:\/\/www.dstech.it\/es\/privacy-policy\/"]}]},{"@type":"BreadcrumbList","@id":"https:\/\/www.dstech.it\/es\/privacy-policy\/#breadcrumb","itemListElement":[{"@type":"ListItem","position":1,"name":"Home","item":"https:\/\/www.dstech.it\/"},{"@type":"ListItem","position":2,"name":"Privacy Policy"}]},{"@type":"WebSite","@id":"https:\/\/www.dstech.it\/#website","url":"https:\/\/www.dstech.it\/","name":"Dst","description":"Creative Tech Company","publisher":{"@id":"https:\/\/www.dstech.it\/#organization"},"potentialAction":[{"@type":"SearchAction","target":{"@type":"EntryPoint","urlTemplate":"https:\/\/www.dstech.it\/?s={search_term_string}"},"query-input":{"@type":"PropertyValueSpecification","valueRequired":true,"valueName":"search_term_string"}}],"inLanguage":"es"},{"@type":"Organization","@id":"https:\/\/www.dstech.it\/#organization","name":"Dst","url":"https:\/\/www.dstech.it\/","logo":{"@type":"ImageObject","inLanguage":"es","@id":"https:\/\/www.dstech.it\/#\/schema\/logo\/image\/","url":"https:\/\/www.dstech.it\/wp-content\/uploads\/2024\/03\/logo-dst-nero.svg","contentUrl":"https:\/\/www.dstech.it\/wp-content\/uploads\/2024\/03\/logo-dst-nero.svg","width":512,"height":512,"caption":"Dst"},"image":{"@id":"https:\/\/www.dstech.it\/#\/schema\/logo\/image\/"}}]}},"_links":{"self":[{"href":"https:\/\/www.dstech.it\/es\/wp-json\/wp\/v2\/pages\/40411","targetHints":{"allow":["GET"]}}],"collection":[{"href":"https:\/\/www.dstech.it\/es\/wp-json\/wp\/v2\/pages"}],"about":[{"href":"https:\/\/www.dstech.it\/es\/wp-json\/wp\/v2\/types\/page"}],"author":[{"embeddable":true,"href":"https:\/\/www.dstech.it\/es\/wp-json\/wp\/v2\/users\/1"}],"replies":[{"embeddable":true,"href":"https:\/\/www.dstech.it\/es\/wp-json\/wp\/v2\/comments?post=40411"}],"version-history":[{"count":0,"href":"https:\/\/www.dstech.it\/es\/wp-json\/wp\/v2\/pages\/40411\/revisions"}],"wp:attachment":[{"href":"https:\/\/www.dstech.it\/es\/wp-json\/wp\/v2\/media?parent=40411"}],"curies":[{"name":"wp","href":"https:\/\/api.w.org\/{rel}","templated":true}]}}