{"id":40393,"date":"2024-03-11T12:21:00","date_gmt":"2024-03-11T11:21:00","guid":{"rendered":"https:\/\/www.dstech.it\/manifesto\/"},"modified":"2024-03-18T17:49:14","modified_gmt":"2024-03-18T16:49:14","slug":"manifesto","status":"publish","type":"page","link":"https:\/\/www.dstech.it\/es\/manifesto\/","title":{"rendered":"Manifesto"},"content":{"rendered":"\t\t<div data-elementor-type=\"wp-page\" data-elementor-id=\"40393\" class=\"elementor elementor-40393 elementor-37701\">\n\t\t\t\t\t\t<section class=\"elementor-section elementor-top-section elementor-element elementor-element-043ee24 scheme_dark sc_stack_section_on elementor-section-height-min-height elementor-section-boxed elementor-section-height-default elementor-section-items-middle sc_stack_section_effect_slide sc_fly_static\" data-id=\"043ee24\" data-element_type=\"section\" data-settings=\"{&quot;background_background&quot;:&quot;classic&quot;}\">\n\t\t\t\t\t\t<div class=\"elementor-container elementor-column-gap-no\">\n\t\t\t\t\t<div class=\"elementor-column elementor-col-100 elementor-top-column elementor-element elementor-element-afd5fad sc_inner_width_1_1 sc-mobile_inner_width_none sc-mobile_content_align_inherit sc_content_align_inherit sc_layouts_column_icons_position_left sc_fly_static\" data-id=\"afd5fad\" data-element_type=\"column\">\n\t\t\t<div class=\"elementor-widget-wrap elementor-element-populated\">\n\t\t\t\t\t\t<div class=\"elementor-element elementor-element-e4fbe57 sc_fly_static elementor-widget elementor-widget-text-editor\" data-id=\"e4fbe57\" data-element_type=\"widget\" data-widget_type=\"text-editor.default\">\n\t\t\t\t<div class=\"elementor-widget-container\">\n\t\t\t\t\t\t\t\t\t<p>NUESTRO MANIFIESTO.<\/p>\t\t\t\t\t\t\t\t<\/div>\n\t\t\t\t<\/div>\n\t\t\t\t<div class=\"elementor-element elementor-element-2f5ef5a sc_height_medium sc_fly_static elementor-widget elementor-widget-spacer\" data-id=\"2f5ef5a\" data-element_type=\"widget\" data-widget_type=\"spacer.default\">\n\t\t\t\t<div class=\"elementor-widget-container\">\n\t\t\t\t\t\t\t<div class=\"elementor-spacer\">\n\t\t\t<div class=\"elementor-spacer-inner\"><\/div>\n\t\t<\/div>\n\t\t\t\t\t\t<\/div>\n\t\t\t\t<\/div>\n\t\t\t\t<div class=\"elementor-element elementor-element-6eabb0f elementor-widget__width-inherit sc_fly_static elementor-widget elementor-widget-text-editor\" data-id=\"6eabb0f\" data-element_type=\"widget\" data-widget_type=\"text-editor.default\">\n\t\t\t\t<div class=\"elementor-widget-container\">\n\t\t\t\t\t\t\t\t\t<h2><strong>Creemos en un v\u00ednculo profundo.<br>\nEl que existe entre el hombre, su <br>ingenio y el instinto natural de ir <br>m\u00e1s all\u00e1.<\/h2>\t\t\t\t\t\t\t\t<\/div>\n\t\t\t\t<\/div>\n\t\t\t\t\t<\/div>\n\t\t<\/div>\n\t\t\t\t\t<\/div>\n\t\t<\/section>\n\t\t\t\t<section class=\"elementor-section elementor-top-section elementor-element elementor-element-350df9a scheme_dark sc_stack_section_on elementor-section-height-min-height elementor-section-boxed elementor-section-height-default elementor-section-items-middle sc_stack_section_effect_slide sc_fly_static\" data-id=\"350df9a\" data-element_type=\"section\" data-settings=\"{&quot;background_background&quot;:&quot;classic&quot;}\">\n\t\t\t\t\t\t<div class=\"elementor-container elementor-column-gap-no\">\n\t\t\t\t\t<div class=\"elementor-column elementor-col-100 elementor-top-column elementor-element elementor-element-192328a sc_layouts_column_align_right sc_layouts_column sc-mobile_layouts_column_align_left sc_layouts_column sc_inner_width_none sc_content_align_inherit sc_layouts_column_icons_position_left sc_fly_static\" data-id=\"192328a\" data-element_type=\"column\">\n\t\t\t<div class=\"elementor-widget-wrap elementor-element-populated\">\n\t\t\t\t\t\t<div class=\"elementor-element elementor-element-fc6a1c6 sc_fly_static elementor-widget elementor-widget-text-editor\" data-id=\"fc6a1c6\" data-element_type=\"widget\" data-widget_type=\"text-editor.default\">\n\t\t\t\t<div class=\"elementor-widget-container\">\n\t\t\t\t\t\t\t\t\t<h2 style=\"text-align: left;\"><strong>Una visi\u00f3n de la realidad, en la que la incertidumbre es solo el amanecer de nuevos conocimientos, en la que el futuro y la tecnolog\u00eda no asustan, y hoy es el momento de experimentar.<\/strong><\/h2>\t\t\t\t\t\t\t\t<\/div>\n\t\t\t\t<\/div>\n\t\t\t\t\t<\/div>\n\t\t<\/div>\n\t\t\t\t\t<\/div>\n\t\t<\/section>\n\t\t\t\t<section class=\"elementor-section elementor-top-section elementor-element elementor-element-45589a5 scheme_dark sc_stack_section_on elementor-section-height-min-height elementor-section-boxed elementor-section-height-default elementor-section-items-middle sc_stack_section_effect_slide sc_fly_static\" data-id=\"45589a5\" data-element_type=\"section\" data-settings=\"{&quot;background_background&quot;:&quot;classic&quot;}\">\n\t\t\t\t\t\t<div class=\"elementor-container elementor-column-gap-no\">\n\t\t\t\t\t<div class=\"elementor-column elementor-col-100 elementor-top-column elementor-element elementor-element-1eff57a sc_layouts_column_align_right sc_layouts_column sc-mobile_layouts_column_align_left sc_layouts_column sc_inner_width_none sc_content_align_inherit sc_layouts_column_icons_position_left sc_fly_static\" data-id=\"1eff57a\" data-element_type=\"column\">\n\t\t\t<div class=\"elementor-widget-wrap elementor-element-populated\">\n\t\t\t\t\t\t<div class=\"elementor-element elementor-element-ae8f09e sc_fly_static elementor-widget elementor-widget-text-editor\" data-id=\"ae8f09e\" data-element_type=\"widget\" data-widget_type=\"text-editor.default\">\n\t\t\t\t<div class=\"elementor-widget-container\">\n\t\t\t\t\t\t\t\t\t<h2 style=\"text-align: left;\"><strong>\nDonde la inteligencia artificial no produce nada artificial, porque est\u00e1 flanqueada por la inteligencia y la creatividad humanas, en un equilibrio circular, donde una est\u00e1 al servicio de la otra.<\/strong><\/h2>\t\t\t\t\t\t\t\t<\/div>\n\t\t\t\t<\/div>\n\t\t\t\t\t<\/div>\n\t\t<\/div>\n\t\t\t\t\t<\/div>\n\t\t<\/section>\n\t\t\t\t<section class=\"elementor-section elementor-top-section elementor-element elementor-element-3f93a4b scheme_dark sc_stack_section_on elementor-section-height-min-height elementor-section-boxed elementor-section-height-default elementor-section-items-middle sc_stack_section_effect_slide sc_fly_static\" data-id=\"3f93a4b\" data-element_type=\"section\" data-settings=\"{&quot;background_background&quot;:&quot;classic&quot;}\">\n\t\t\t\t\t\t<div class=\"elementor-container elementor-column-gap-no\">\n\t\t\t\t\t<div class=\"elementor-column elementor-col-100 elementor-top-column elementor-element elementor-element-fde6cba sc_layouts_column_align_right sc_layouts_column sc-mobile_layouts_column_align_left sc_layouts_column sc_inner_width_none sc_content_align_inherit sc_layouts_column_icons_position_left sc_fly_static\" data-id=\"fde6cba\" data-element_type=\"column\">\n\t\t\t<div class=\"elementor-widget-wrap elementor-element-populated\">\n\t\t\t\t\t\t<div class=\"elementor-element elementor-element-be3406f sc_fly_static elementor-widget elementor-widget-text-editor\" data-id=\"be3406f\" data-element_type=\"widget\" data-widget_type=\"text-editor.default\">\n\t\t\t\t<div class=\"elementor-widget-container\">\n\t\t\t\t\t\t\t\t\t<h2 style=\"text-align: left;\"><strong>As\u00ed creamos la pr\u00f3xima experiencia digital o de comunicaci\u00f3n, para hablar a la pr\u00f3xima generaci\u00f3n y a la siguiente.<\/strong><\/h2>\t\t\t\t\t\t\t\t<\/div>\n\t\t\t\t<\/div>\n\t\t\t\t\t<\/div>\n\t\t<\/div>\n\t\t\t\t\t<\/div>\n\t\t<\/section>\n\t\t\t\t<section class=\"elementor-section elementor-top-section elementor-element elementor-element-2eaaf17 scheme_dark sc_stack_section_on elementor-section-height-min-height elementor-section-boxed elementor-section-height-default elementor-section-items-middle sc_stack_section_effect_slide sc_fly_static\" data-id=\"2eaaf17\" data-element_type=\"section\" data-settings=\"{&quot;background_background&quot;:&quot;classic&quot;}\">\n\t\t\t\t\t\t<div class=\"elementor-container elementor-column-gap-no\">\n\t\t\t\t\t<div class=\"elementor-column elementor-col-100 elementor-top-column elementor-element elementor-element-d9354d4 sc_layouts_column_align_right sc_layouts_column sc-mobile_layouts_column_align_left sc_layouts_column sc_inner_width_none sc_content_align_inherit sc_layouts_column_icons_position_left sc_fly_static\" data-id=\"d9354d4\" data-element_type=\"column\">\n\t\t\t<div class=\"elementor-widget-wrap elementor-element-populated\">\n\t\t\t\t\t\t<div class=\"elementor-element elementor-element-59dfe26 sc_fly_static elementor-widget elementor-widget-heading\" data-id=\"59dfe26\" data-element_type=\"widget\" data-widget_type=\"heading.default\">\n\t\t\t\t<div class=\"elementor-widget-container\">\n\t\t\t\t\t<h1 class=\"elementor-heading-title elementor-size-default\">CAMBIAMOS.<\/h1>\t\t\t\t<\/div>\n\t\t\t\t<\/div>\n\t\t\t\t<div class=\"elementor-element elementor-element-16a2eb2 sc_height_medium sc_fly_static elementor-widget elementor-widget-spacer\" data-id=\"16a2eb2\" data-element_type=\"widget\" data-widget_type=\"spacer.default\">\n\t\t\t\t<div class=\"elementor-widget-container\">\n\t\t\t\t\t\t\t<div class=\"elementor-spacer\">\n\t\t\t<div class=\"elementor-spacer-inner\"><\/div>\n\t\t<\/div>\n\t\t\t\t\t\t<\/div>\n\t\t\t\t<\/div>\n\t\t\t\t<div class=\"elementor-element elementor-element-0d80d9f sc_fly_static elementor-widget elementor-widget-text-editor\" data-id=\"0d80d9f\" data-element_type=\"widget\" data-widget_type=\"text-editor.default\">\n\t\t\t\t<div class=\"elementor-widget-container\">\n\t\t\t\t\t\t\t\t\t<h2 style=\"text-align: left;\"><strong>Forma, manera, idea.<br>\nSeguir siendo un punto de <br>referencia s\u00f3lido en una realidad <br>que nunca dejar\u00e1 de evolucionar.<\/strong><\/h2>\t\t\t\t\t\t\t\t<\/div>\n\t\t\t\t<\/div>\n\t\t\t\t\t<\/div>\n\t\t<\/div>\n\t\t\t\t\t<\/div>\n\t\t<\/section>\n\t\t\t\t<\/div>\n\t\t","protected":false},"excerpt":{"rendered":"<p>NUESTRO MANIFIESTO. Creemos en un v\u00ednculo profundo. El que existe entre el hombre, su ingenio y el instinto natural de ir m\u00e1s all\u00e1. Una visi\u00f3n de la realidad, en la&hellip;<\/p>\n","protected":false},"author":1,"featured_media":0,"parent":0,"menu_order":0,"comment_status":"closed","ping_status":"closed","template":"","meta":{"_acf_changed":false,"inline_featured_image":false,"footnotes":""},"class_list":["post-40393","page","type-page","status-publish","hentry"],"acf":[],"yoast_head":"<!-- This site is optimized with the Yoast SEO plugin v27.2 - https:\/\/yoast.com\/product\/yoast-seo-wordpress\/ -->\n<title>Manifesto - Dst<\/title>\n<meta name=\"robots\" content=\"index, follow, max-snippet:-1, max-image-preview:large, max-video-preview:-1\" \/>\n<link rel=\"canonical\" href=\"https:\/\/www.dstech.it\/en\/manifesto\/\" \/>\n<meta property=\"og:locale\" content=\"es_ES\" \/>\n<meta property=\"og:type\" content=\"article\" \/>\n<meta property=\"og:title\" content=\"Manifesto - Dst\" \/>\n<meta property=\"og:description\" content=\"NUESTRO MANIFIESTO. Creemos en un v\u00ednculo profundo. El que existe entre el hombre, su ingenio y el instinto natural de ir m\u00e1s all\u00e1. Una visi\u00f3n de la realidad, en la&hellip;\" \/>\n<meta property=\"og:url\" content=\"https:\/\/www.dstech.it\/en\/manifesto\/\" \/>\n<meta property=\"og:site_name\" content=\"Dst\" \/>\n<meta property=\"article:modified_time\" content=\"2024-03-18T16:49:14+00:00\" \/>\n<meta name=\"twitter:card\" content=\"summary_large_image\" \/>\n<meta name=\"twitter:label1\" content=\"Tiempo de lectura\" \/>\n\t<meta name=\"twitter:data1\" content=\"1 minuto\" \/>\n<script type=\"application\/ld+json\" class=\"yoast-schema-graph\">{\"@context\":\"https:\/\/schema.org\",\"@graph\":[{\"@type\":\"WebPage\",\"@id\":\"https:\/\/www.dstech.it\/en\/manifesto\/\",\"url\":\"https:\/\/www.dstech.it\/en\/manifesto\/\",\"name\":\"Manifesto - Dst\",\"isPartOf\":{\"@id\":\"https:\/\/www.dstech.it\/#website\"},\"datePublished\":\"2024-03-11T11:21:00+00:00\",\"dateModified\":\"2024-03-18T16:49:14+00:00\",\"breadcrumb\":{\"@id\":\"https:\/\/www.dstech.it\/en\/manifesto\/#breadcrumb\"},\"inLanguage\":\"es\",\"potentialAction\":[{\"@type\":\"ReadAction\",\"target\":[\"https:\/\/www.dstech.it\/en\/manifesto\/\"]}]},{\"@type\":\"BreadcrumbList\",\"@id\":\"https:\/\/www.dstech.it\/en\/manifesto\/#breadcrumb\",\"itemListElement\":[{\"@type\":\"ListItem\",\"position\":1,\"name\":\"Home\",\"item\":\"https:\/\/www.dstech.it\/\"},{\"@type\":\"ListItem\",\"position\":2,\"name\":\"Manifesto\"}]},{\"@type\":\"WebSite\",\"@id\":\"https:\/\/www.dstech.it\/#website\",\"url\":\"https:\/\/www.dstech.it\/\",\"name\":\"Dst\",\"description\":\"Creative Tech Company\",\"publisher\":{\"@id\":\"https:\/\/www.dstech.it\/#organization\"},\"potentialAction\":[{\"@type\":\"SearchAction\",\"target\":{\"@type\":\"EntryPoint\",\"urlTemplate\":\"https:\/\/www.dstech.it\/?s={search_term_string}\"},\"query-input\":{\"@type\":\"PropertyValueSpecification\",\"valueRequired\":true,\"valueName\":\"search_term_string\"}}],\"inLanguage\":\"es\"},{\"@type\":\"Organization\",\"@id\":\"https:\/\/www.dstech.it\/#organization\",\"name\":\"Dst\",\"url\":\"https:\/\/www.dstech.it\/\",\"logo\":{\"@type\":\"ImageObject\",\"inLanguage\":\"es\",\"@id\":\"https:\/\/www.dstech.it\/#\/schema\/logo\/image\/\",\"url\":\"https:\/\/www.dstech.it\/wp-content\/uploads\/2024\/03\/logo-dst-nero.svg\",\"contentUrl\":\"https:\/\/www.dstech.it\/wp-content\/uploads\/2024\/03\/logo-dst-nero.svg\",\"width\":512,\"height\":512,\"caption\":\"Dst\"},\"image\":{\"@id\":\"https:\/\/www.dstech.it\/#\/schema\/logo\/image\/\"}}]}<\/script>\n<!-- \/ Yoast SEO plugin. -->","yoast_head_json":{"title":"Manifesto - Dst","robots":{"index":"index","follow":"follow","max-snippet":"max-snippet:-1","max-image-preview":"max-image-preview:large","max-video-preview":"max-video-preview:-1"},"canonical":"https:\/\/www.dstech.it\/en\/manifesto\/","og_locale":"es_ES","og_type":"article","og_title":"Manifesto - Dst","og_description":"NUESTRO MANIFIESTO. Creemos en un v\u00ednculo profundo. El que existe entre el hombre, su ingenio y el instinto natural de ir m\u00e1s all\u00e1. Una visi\u00f3n de la realidad, en la&hellip;","og_url":"https:\/\/www.dstech.it\/en\/manifesto\/","og_site_name":"Dst","article_modified_time":"2024-03-18T16:49:14+00:00","twitter_card":"summary_large_image","twitter_misc":{"Tiempo de lectura":"1 minuto"},"schema":{"@context":"https:\/\/schema.org","@graph":[{"@type":"WebPage","@id":"https:\/\/www.dstech.it\/en\/manifesto\/","url":"https:\/\/www.dstech.it\/en\/manifesto\/","name":"Manifesto - Dst","isPartOf":{"@id":"https:\/\/www.dstech.it\/#website"},"datePublished":"2024-03-11T11:21:00+00:00","dateModified":"2024-03-18T16:49:14+00:00","breadcrumb":{"@id":"https:\/\/www.dstech.it\/en\/manifesto\/#breadcrumb"},"inLanguage":"es","potentialAction":[{"@type":"ReadAction","target":["https:\/\/www.dstech.it\/en\/manifesto\/"]}]},{"@type":"BreadcrumbList","@id":"https:\/\/www.dstech.it\/en\/manifesto\/#breadcrumb","itemListElement":[{"@type":"ListItem","position":1,"name":"Home","item":"https:\/\/www.dstech.it\/"},{"@type":"ListItem","position":2,"name":"Manifesto"}]},{"@type":"WebSite","@id":"https:\/\/www.dstech.it\/#website","url":"https:\/\/www.dstech.it\/","name":"Dst","description":"Creative Tech Company","publisher":{"@id":"https:\/\/www.dstech.it\/#organization"},"potentialAction":[{"@type":"SearchAction","target":{"@type":"EntryPoint","urlTemplate":"https:\/\/www.dstech.it\/?s={search_term_string}"},"query-input":{"@type":"PropertyValueSpecification","valueRequired":true,"valueName":"search_term_string"}}],"inLanguage":"es"},{"@type":"Organization","@id":"https:\/\/www.dstech.it\/#organization","name":"Dst","url":"https:\/\/www.dstech.it\/","logo":{"@type":"ImageObject","inLanguage":"es","@id":"https:\/\/www.dstech.it\/#\/schema\/logo\/image\/","url":"https:\/\/www.dstech.it\/wp-content\/uploads\/2024\/03\/logo-dst-nero.svg","contentUrl":"https:\/\/www.dstech.it\/wp-content\/uploads\/2024\/03\/logo-dst-nero.svg","width":512,"height":512,"caption":"Dst"},"image":{"@id":"https:\/\/www.dstech.it\/#\/schema\/logo\/image\/"}}]}},"_links":{"self":[{"href":"https:\/\/www.dstech.it\/es\/wp-json\/wp\/v2\/pages\/40393","targetHints":{"allow":["GET"]}}],"collection":[{"href":"https:\/\/www.dstech.it\/es\/wp-json\/wp\/v2\/pages"}],"about":[{"href":"https:\/\/www.dstech.it\/es\/wp-json\/wp\/v2\/types\/page"}],"author":[{"embeddable":true,"href":"https:\/\/www.dstech.it\/es\/wp-json\/wp\/v2\/users\/1"}],"replies":[{"embeddable":true,"href":"https:\/\/www.dstech.it\/es\/wp-json\/wp\/v2\/comments?post=40393"}],"version-history":[{"count":12,"href":"https:\/\/www.dstech.it\/es\/wp-json\/wp\/v2\/pages\/40393\/revisions"}],"predecessor-version":[{"id":40533,"href":"https:\/\/www.dstech.it\/es\/wp-json\/wp\/v2\/pages\/40393\/revisions\/40533"}],"wp:attachment":[{"href":"https:\/\/www.dstech.it\/es\/wp-json\/wp\/v2\/media?parent=40393"}],"curies":[{"name":"wp","href":"https:\/\/api.w.org\/{rel}","templated":true}]}}